{"id":41937,"date":"2022-03-29T11:06:07","date_gmt":"2022-03-29T09:06:07","guid":{"rendered":"https:\/\/www.lespialades.com\/location-emplacements-tente-caravane-camping-car-dordogne\/"},"modified":"2022-06-30T10:32:05","modified_gmt":"2022-06-30T08:32:05","slug":"rental-pitches-tent-caravan-camper-dordogne","status":"publish","type":"page","link":"https:\/\/www.lespialades.com\/en\/rental-pitches-tent-caravan-camper-dordogne\/","title":{"rendered":"Emplacements"},"content":{"rendered":"<section id=\"ls-section-block_624705a214487\" class=\"ls-section  chapeau fraise has-m-t m-t-6\" >\n        <div class=\"container container--wide\">\n        \n\n<h1 class=\"ls__heading has-text-align-center animated fadeInDown delay-100ms wp-block-heading\">Our tent, caravan and campsite pitches in the Dordogne<\/h1>\n\n\n\n<p class=\"ls-paragraph has-text-align-center has-color-1-color has-text-color\">In the heart of the woods, set up your tent, caravan or camper van in our small, quiet campsite in the Dordogne. Our very spacious pitches (from 80 to 330 m\u00b2), with trees, half-shade, half-sun, are ideally delimited to preserve your privacy and ensure you a <strong>relaxing stay<\/strong>.<\/p>\n\n\n    <\/div>\n<\/section>\n\n<section id=\"ls-section-block_624d909e3e79a\" class=\"ls-section  cta-emplacements has-background has-color-5-background-color has-p-t p-t-9\" >\n        <div class=\"container container--wide\">\n        \n<div id=\"ls-maillage-block_624d99403e79c\" class=\"ls-maillage m-0 cta-style-normal has-p-t p-t-1\" data-rows=\"4\">\n    <div class=\"wp-block-columns\"><div class=\"wp-block-column\">\n\n<a href=\"https:\/\/www.lespialades.com\/en\/rental-pitches-tent-caravan-camper-dordogne\/rental-pitch-camper-dordogne\/\" target=\"\" rel=\"noopener\" class=\"ls-cta__link\">\n\n\t<div class=\"ls-cta__image test\"><img decoding=\"async\" src=\"https:\/\/www.lespialades.com\/wp-content\/uploads\/2022\/04\/camping-les-pialades-emplacement-camping-cars-768x405.jpg\" alt=\"camping les pialades emplacement camping cars\"><\/div>\n\t<div class=\"ls-cta__title\">\n\t\t<h2>Camper pitches in Sarlat<\/h2>\t<\/div>\n\n\t\t\t<div class=\"ls-cta__description\">\n\t\t\t<strong>Would you like to make a stopover with your campsite?\r\nWould you like to stay a few days to visit the surrounding area?<\/strong>\r\n\r\n<p class=\"ls-paragraph\">Set up on one of our pitches suitable for motorhomes<\/p>\r\n\t\t\n\t\t<\/div>\n\t\t\n<\/a><\/div><div class=\"wp-block-column\">\n\n<a href=\"https:\/\/www.lespialades.com\/en\/rental-pitches-tent-caravan-camper-dordogne\/rental-pitch-caravan-dordogne\/\" target=\"\" rel=\"noopener\" class=\"ls-cta__link\">\n\n\t<div class=\"ls-cta__image test\"><img decoding=\"async\" src=\"https:\/\/www.lespialades.com\/wp-content\/uploads\/2022\/04\/camping-les-pialades-emplacement-caravanes-768x512.jpg\" alt=\"camping les pialades emplacement caravanes\"><\/div>\n\t<div class=\"ls-cta__title\">\n\t\t<h2>Caravan pitches in Dordogne<\/h2>\t<\/div>\n\n\t\t\t<div class=\"ls-cta__description\">\n\t\t\t<strong>Would you like to install your caravan for a stay near Sarlat?<\/strong>\r\n\r\n<p class=\"ls-paragraph\">Welcome to the campsite Les Pialades where you will enjoy our large, flat pitches, planted with trees and bordered by natural hedges.<\/p>\r\n\t\t\n\t\t<\/div>\n\t\t\n<\/a><\/div><div class=\"wp-block-column\">\n\n<a href=\"https:\/\/www.lespialades.com\/en\/rental-pitches-tent-caravan-camper-dordogne\/rental-pitch-pre-equipped-dordogne\/\" target=\"\" rel=\"noopener\" class=\"ls-cta__link\">\n\n\t<div class=\"ls-cta__image test\"><img decoding=\"async\" src=\"https:\/\/www.lespialades.com\/wp-content\/uploads\/2022\/06\/Emplacement-pre-equipe-camping-Les-Pialades-768x263.jpg\" alt=\"Emplacement pr\u00e9-\u00e9quip\u00e9 camping en Dordogne\"><\/div>\n\t<div class=\"ls-cta__title\">\n\t\t<h2>Pre-equipped pitches in Sarlat<\/h2>\t<\/div>\n\n\t\t\t<div class=\"ls-cta__description\">\n\t\t\t<strong>Do you want to camp without taking up too much space?<\/strong>\r\n\r\n<p class=\"ls-paragraph\">Rent our pre-equipped pitch: more space in the car, quicker to set up, more comfort&#8230; There are only advantages!<\/p>\r\n\t\t\n\t\t<\/div>\n\t\t\n<\/a><\/div><div class=\"wp-block-column\">\n\n<a href=\"https:\/\/www.lespialades.com\/en\/rental-pitches-tent-caravan-camper-dordogne\/rental-pitches-tent-dordogne\/\" target=\"\" rel=\"noopener\" class=\"ls-cta__link\">\n\n\t<div class=\"ls-cta__image test\"><img decoding=\"async\" src=\"https:\/\/www.lespialades.com\/wp-content\/uploads\/2022\/04\/camping-les-pialades-emplacements-768x512.jpg\" alt=\"camping les pialades emplacements\"><\/div>\n\t<div class=\"ls-cta__title\">\n\t\t<h2>Tent pitches in Dordogne<\/h2>\t<\/div>\n\n\t\t\t<div class=\"ls-cta__description\">\n\t\t\t<strong>Are you looking for a campsite in the Dordogne to pitch your tent?<\/strong>\r\n<p class=\"ls-paragraph\">Our campsite near Sarlat offers spacious, quiet pitches in the heart of nature<\/p>\r\n\t\t\n\t\t<\/div>\n\t\t\n<\/a><\/div><\/div><\/div>\n\n    <\/div>\n<\/section>\n\n<section id=\"ls-section-block_624706501448a\" class=\"ls-section  parallax-texte-droite has-background-image has-parallax has-p-t p-t-15 has-p-b p-b-15\" >\n    <div class=\"ls-section__background-image opacity-100\"><img decoding=\"async\" src=\"https:\/\/www.lespialades.com\/wp-content\/uploads\/2022\/04\/les-pialades-sanitaires-camping-en-dordogne-1.jpg\" alt=\"les pialades sanitaires camping en dordogne\"><\/div>    <div class=\"container container--wide\">\n        \n\n<div class=\"wp-block-columns is-layout-flex wp-container-core-columns-is-layout-9d6595d7 wp-block-columns-is-layout-flex\">\n<div class=\"wp-block-column is-vertically-aligned-center is-layout-flow wp-block-column-is-layout-flow\" style=\"flex-basis:60%\"><\/div>\n\n\n\n<div class=\"wp-block-column is-vertically-aligned-center has-background tente animated fadeInRight delay-100ms is-layout-flow wp-block-column-is-layout-flow\" style=\"flex-basis:40%\">\n<h2 class=\"ls-heading wp-block-heading\"><mark style=\"background-color:rgba(0, 0, 0, 0)\" class=\"has-inline-color has-color-2-color\">Modern sanitary facilities, special camper services<\/mark><\/h2>\n\n\n\n<p class=\"ls-paragraph\"><mark style=\"background-color:rgba(0, 0, 0, 0)\" class=\"has-inline-color has-color-white-color\">Our <\/mark><strong><mark style=\"background-color:rgba(0, 0, 0, 0)\" class=\"has-inline-color has-color-2-color\">campsite in the Dordogne<\/mark><\/strong><mark style=\"background-color:rgba(0, 0, 0, 0)\" class=\"has-inline-color has-color-white-color\"> pays particular attention to the comfort and well-being of its tent, caravan and motorhome campers.<\/mark><\/p>\n\n\n\n<p class=\"ls-paragraph\"><mark style=\"background-color:rgba(0, 0, 0, 0)\" class=\"has-inline-color has-color-white-color\">Our high quality sanitary block has been completely refurbished and is maintained to a high standard on a daily basis.<\/mark><\/p>\n\n\n\n<h2 class=\"ls-heading wp-block-heading\"><mark style=\"background-color:rgba(0, 0, 0, 0)\" class=\"has-inline-color has-color-2-color\">Book the pitch that suits you<\/mark><\/h2>\n\n\n\n<p class=\"ls-paragraph\"><mark style=\"background-color:rgba(0, 0, 0, 0)\" class=\"has-inline-color has-color-white-color\">We advise you to book if you are planning a stay in July or August to guarantee a pitch that suits your needs. Depending on availability at the time of booking, you can choose a specific pitch.<\/mark><\/p>\n<\/div>\n<\/div>\n\n\n    <\/div>\n<\/section>\n\n<section id=\"ls-section-block_62470ea51448c\" class=\"ls-section  page-avis has-background has-color-1-background-color has-p-t p-t-7 has-p-b p-b-7\" >\n        <div class=\"container \">\n        \n\n<div id=\"ls-heading ls-titre-div-block_62569eb6fbbf5\" class=\"ls-titre-div aligncenter h2-like has-text-color has-color-white-color\" >\n    What campers say about our pitches<\/div>\n\n\n<div class=\"avis-container-pages\"><div class=\"avis\"><div class=\"avis-contenu\"><p>A very friendly campsite, perfect for families. The pitches are large and wooded. Lots of activities very close by.<\/p>\n<\/div><div class=\"avis-name\">Gwenael S. <\/div><div class=\"avis-note\">\n                        <span><i class=\"pialades-etoile\"><\/i><\/span><span><i class=\"pialades-etoile\"><\/i><\/span><span><i class=\"pialades-etoile\"><\/i><\/span><span><i class=\"pialades-etoile\"><\/i><\/span><span><i class=\"pialades-etoile\"><\/i><\/span>\n                    <\/div><\/div><div class=\"avis\"><div class=\"avis-contenu\"><p>Great campsite, very nice shady pitches, pleasant swimming pools and the hosts are always so friendly, welcoming and available. What&#8217;s more, we eat well and dance on Wednesdays!<\/p>\n<\/div><div class=\"avis-name\">Corinne S. <\/div><div class=\"avis-note\">\n                        <span><i class=\"pialades-etoile\"><\/i><\/span><span><i class=\"pialades-etoile\"><\/i><\/span><span><i class=\"pialades-etoile\"><\/i><\/span><span><i class=\"pialades-etoile\"><\/i><\/span><span><i class=\"pialades-etoile\"><\/i><\/span>\n                    <\/div><\/div><div class=\"avis\"><div class=\"avis-contenu\"><p>15 days of great holidays! Virginie and Eric are very friendly and helpful. The sanitary facilities are recent and very clean (cleaning is frequent). The pitches are well shaded.<\/p>\n<\/div><div class=\"avis-name\">S\u00e9bastien F. <\/div><div class=\"avis-note\">\n                        <span><i class=\"pialades-etoile\"><\/i><\/span><span><i class=\"pialades-etoile\"><\/i><\/span><span><i class=\"pialades-etoile\"><\/i><\/span><span><i class=\"pialades-etoile\"><\/i><\/span><span><i class=\"pialades-etoile\"><\/i><\/span>\n                    <\/div><\/div><\/div>\n\n\n    <\/div>\n<\/section>\n\n<section id=\"ls-section-block_624711d51448d\" class=\"ls-section  page-two has-p-t p-t-14 has-p-b p-b-14\" >\n        <div class=\"container container--wide\">\n        \n\n<div id=\"ls-heading ls-titre-div-block_624aba6dd3981\" class=\"ls-titre-div aligncenter h2-like has-text-color has-color-1-color\" >\n    Discover the rentals, the restaurant and the swimming pool<\/div>\n\n\n<div id=\"ls-maillage-block_624711e71448e\" class=\"ls-maillage cta-style-normal\" data-rows=\"3\">\n    <div class=\"wp-block-columns\"><div class=\"wp-block-column\">\n\n<a href=\"https:\/\/www.lespialades.com\/en\/campsite-3-stars-in-dordogne-with-heated-pool\/\" target=\"\" rel=\"noopener\" class=\"ls-cta__link\">\n\n\t<div class=\"ls-cta__image test\"><img decoding=\"async\" src=\"https:\/\/www.lespialades.com\/wp-content\/uploads\/2022\/04\/piscine-camping-les-pialades.jpg\" alt=\"piscine camping les pialades\"><\/div>\n\t<div class=\"ls-cta__title\">\n\t\tAquatic area\t<\/div>\n\n\t\t\n<\/a><\/div><div class=\"wp-block-column\">\n\n<a href=\"https:\/\/www.lespialades.com\/en\/rental-hosting-dordogne\/\" target=\"\" rel=\"noopener\" class=\"ls-cta__link\">\n\n\t<div class=\"ls-cta__image test\"><img decoding=\"async\" src=\"https:\/\/www.lespialades.com\/wp-content\/uploads\/2022\/04\/location-chalet-sarlat.jpg\" alt=\"location chalet sarlat\"><\/div>\n\t<div class=\"ls-cta__title\">\n\t\tRentals\t<\/div>\n\n\t\t\n<\/a><\/div><div class=\"wp-block-column\">\n\n<a href=\"https:\/\/www.lespialades.com\/en\/campsite-services-3-stars-dordogne\/\" target=\"\" rel=\"noopener\" class=\"ls-cta__link\">\n\n\t<div class=\"ls-cta__image test\"><img decoding=\"async\" src=\"https:\/\/www.lespialades.com\/wp-content\/uploads\/2022\/04\/restaurant-sarlat.jpg\" alt=\"restaurant sarlat\"><\/div>\n\t<div class=\"ls-cta__title\">\n\t\tRestaurant and services\t<\/div>\n\n\t\t\n<\/a><\/div><\/div><\/div>\n\n    <\/div>\n<\/section>","protected":false},"excerpt":{"rendered":"","protected":false},"author":1,"featured_media":1283,"parent":0,"menu_order":0,"comment_status":"closed","ping_status":"closed","template":"","meta":{"_acf_changed":false,"footnotes":""},"sujet":[],"class_list":["post-41937","page","type-page","status-publish","has-post-thumbnail","hentry"],"acf":[],"yoast_head":"<!-- This site is optimized with the Yoast SEO plugin v26.6 - https:\/\/yoast.com\/wordpress\/plugins\/seo\/ -->\n<title>Pitches for tents and caravans in the Dordogne campsite near Sarlat<\/title>\n<meta name=\"description\" content=\"Our small, quiet campsite in the Dordogne offers spacious, well-defined pitches for tents, caravans and motorhomes in the heart of nature\" \/>\n<meta name=\"robots\" content=\"index, follow, max-snippet:-1, max-image-preview:large, max-video-preview:-1\" \/>\n<link rel=\"canonical\" href=\"https:\/\/www.lespialades.com\/en\/rental-pitches-tent-caravan-camper-dordogne\/\" \/>\n<meta property=\"og:locale\" content=\"en_US\" \/>\n<meta property=\"og:type\" content=\"article\" \/>\n<meta property=\"og:title\" content=\"Pitches for tents and caravans in the Dordogne campsite near Sarlat\" \/>\n<meta property=\"og:description\" content=\"Our small, quiet campsite in the Dordogne offers spacious, well-defined pitches for tents, caravans and motorhomes in the heart of nature\" \/>\n<meta property=\"og:url\" content=\"https:\/\/www.lespialades.com\/en\/rental-pitches-tent-caravan-camper-dordogne\/\" \/>\n<meta property=\"og:site_name\" content=\"Camping Les Pialades\" \/>\n<meta property=\"article:publisher\" content=\"https:\/\/fr-fr.facebook.com\/campinglesPialades\/\" \/>\n<meta property=\"article:modified_time\" content=\"2022-06-30T08:32:05+00:00\" \/>\n<meta property=\"og:image\" content=\"https:\/\/www.lespialades.com\/wp-content\/uploads\/2022\/04\/camping-les-pialades-les-emplacements-en-dordogne.jpg\" \/>\n\t<meta property=\"og:image:width\" content=\"1900\" \/>\n\t<meta property=\"og:image:height\" content=\"700\" \/>\n\t<meta property=\"og:image:type\" content=\"image\/jpeg\" \/>\n<meta name=\"twitter:card\" content=\"summary_large_image\" \/>\n<meta name=\"twitter:label1\" content=\"Est. reading time\" \/>\n\t<meta name=\"twitter:data1\" content=\"1 minute\" \/>\n<script type=\"application\/ld+json\" class=\"yoast-schema-graph\">{\"@context\":\"https:\/\/schema.org\",\"@graph\":[{\"@type\":\"WebPage\",\"@id\":\"https:\/\/www.lespialades.com\/en\/rental-pitches-tent-caravan-camper-dordogne\/\",\"url\":\"https:\/\/www.lespialades.com\/en\/rental-pitches-tent-caravan-camper-dordogne\/\",\"name\":\"Pitches for tents and caravans in the Dordogne campsite near Sarlat\",\"isPartOf\":{\"@id\":\"https:\/\/www.lespialades.com\/#website\"},\"primaryImageOfPage\":{\"@id\":\"https:\/\/www.lespialades.com\/en\/rental-pitches-tent-caravan-camper-dordogne\/#primaryimage\"},\"image\":{\"@id\":\"https:\/\/www.lespialades.com\/en\/rental-pitches-tent-caravan-camper-dordogne\/#primaryimage\"},\"thumbnailUrl\":\"https:\/\/www.lespialades.com\/wp-content\/uploads\/2022\/04\/camping-les-pialades-les-emplacements-en-dordogne.jpg\",\"datePublished\":\"2022-03-29T09:06:07+00:00\",\"dateModified\":\"2022-06-30T08:32:05+00:00\",\"description\":\"Our small, quiet campsite in the Dordogne offers spacious, well-defined pitches for tents, caravans and motorhomes in the heart of nature\",\"breadcrumb\":{\"@id\":\"https:\/\/www.lespialades.com\/en\/rental-pitches-tent-caravan-camper-dordogne\/#breadcrumb\"},\"inLanguage\":\"en-US\",\"potentialAction\":[{\"@type\":\"ReadAction\",\"target\":[\"https:\/\/www.lespialades.com\/en\/rental-pitches-tent-caravan-camper-dordogne\/\"]}]},{\"@type\":\"ImageObject\",\"inLanguage\":\"en-US\",\"@id\":\"https:\/\/www.lespialades.com\/en\/rental-pitches-tent-caravan-camper-dordogne\/#primaryimage\",\"url\":\"https:\/\/www.lespialades.com\/wp-content\/uploads\/2022\/04\/camping-les-pialades-les-emplacements-en-dordogne.jpg\",\"contentUrl\":\"https:\/\/www.lespialades.com\/wp-content\/uploads\/2022\/04\/camping-les-pialades-les-emplacements-en-dordogne.jpg\",\"width\":1900,\"height\":700,\"caption\":\"les emplacements caravane du camping les pialades en dordogne\"},{\"@type\":\"BreadcrumbList\",\"@id\":\"https:\/\/www.lespialades.com\/en\/rental-pitches-tent-caravan-camper-dordogne\/#breadcrumb\",\"itemListElement\":[{\"@type\":\"ListItem\",\"position\":1,\"name\":\"Camping P\u00e9rigord\",\"item\":\"https:\/\/www.lespialades.com\/en\/\"},{\"@type\":\"ListItem\",\"position\":2,\"name\":\"Rent a pitch in Sarlat\"}]},{\"@type\":\"WebSite\",\"@id\":\"https:\/\/www.lespialades.com\/#website\",\"url\":\"https:\/\/www.lespialades.com\/\",\"name\":\"Camping Les Pialades\",\"description\":\"\",\"publisher\":{\"@id\":\"https:\/\/www.lespialades.com\/#organization\"},\"potentialAction\":[{\"@type\":\"SearchAction\",\"target\":{\"@type\":\"EntryPoint\",\"urlTemplate\":\"https:\/\/www.lespialades.com\/?s={search_term_string}\"},\"query-input\":{\"@type\":\"PropertyValueSpecification\",\"valueRequired\":true,\"valueName\":\"search_term_string\"}}],\"inLanguage\":\"en-US\"},{\"@type\":\"Organization\",\"@id\":\"https:\/\/www.lespialades.com\/#organization\",\"name\":\"Camping Les Pialades\",\"url\":\"https:\/\/www.lespialades.com\/\",\"logo\":{\"@type\":\"ImageObject\",\"inLanguage\":\"en-US\",\"@id\":\"https:\/\/www.lespialades.com\/#\/schema\/logo\/image\/\",\"url\":\"https:\/\/www.lespialades.com\/wp-content\/uploads\/2022\/03\/camping-en-dordogne-logo-blanc.png\",\"contentUrl\":\"https:\/\/www.lespialades.com\/wp-content\/uploads\/2022\/03\/camping-en-dordogne-logo-blanc.png\",\"width\":1180,\"height\":569,\"caption\":\"Camping Les Pialades\"},\"image\":{\"@id\":\"https:\/\/www.lespialades.com\/#\/schema\/logo\/image\/\"},\"sameAs\":[\"https:\/\/fr-fr.facebook.com\/campinglesPialades\/\"]}]}<\/script>\n<!-- \/ Yoast SEO plugin. -->","yoast_head_json":{"title":"Pitches for tents and caravans in the Dordogne campsite near Sarlat","description":"Our small, quiet campsite in the Dordogne offers spacious, well-defined pitches for tents, caravans and motorhomes in the heart of nature","robots":{"index":"index","follow":"follow","max-snippet":"max-snippet:-1","max-image-preview":"max-image-preview:large","max-video-preview":"max-video-preview:-1"},"canonical":"https:\/\/www.lespialades.com\/en\/rental-pitches-tent-caravan-camper-dordogne\/","og_locale":"en_US","og_type":"article","og_title":"Pitches for tents and caravans in the Dordogne campsite near Sarlat","og_description":"Our small, quiet campsite in the Dordogne offers spacious, well-defined pitches for tents, caravans and motorhomes in the heart of nature","og_url":"https:\/\/www.lespialades.com\/en\/rental-pitches-tent-caravan-camper-dordogne\/","og_site_name":"Camping Les Pialades","article_publisher":"https:\/\/fr-fr.facebook.com\/campinglesPialades\/","article_modified_time":"2022-06-30T08:32:05+00:00","og_image":[{"width":1900,"height":700,"url":"https:\/\/www.lespialades.com\/wp-content\/uploads\/2022\/04\/camping-les-pialades-les-emplacements-en-dordogne.jpg","type":"image\/jpeg"}],"twitter_card":"summary_large_image","twitter_misc":{"Est. reading time":"1 minute"},"schema":{"@context":"https:\/\/schema.org","@graph":[{"@type":"WebPage","@id":"https:\/\/www.lespialades.com\/en\/rental-pitches-tent-caravan-camper-dordogne\/","url":"https:\/\/www.lespialades.com\/en\/rental-pitches-tent-caravan-camper-dordogne\/","name":"Pitches for tents and caravans in the Dordogne campsite near Sarlat","isPartOf":{"@id":"https:\/\/www.lespialades.com\/#website"},"primaryImageOfPage":{"@id":"https:\/\/www.lespialades.com\/en\/rental-pitches-tent-caravan-camper-dordogne\/#primaryimage"},"image":{"@id":"https:\/\/www.lespialades.com\/en\/rental-pitches-tent-caravan-camper-dordogne\/#primaryimage"},"thumbnailUrl":"https:\/\/www.lespialades.com\/wp-content\/uploads\/2022\/04\/camping-les-pialades-les-emplacements-en-dordogne.jpg","datePublished":"2022-03-29T09:06:07+00:00","dateModified":"2022-06-30T08:32:05+00:00","description":"Our small, quiet campsite in the Dordogne offers spacious, well-defined pitches for tents, caravans and motorhomes in the heart of nature","breadcrumb":{"@id":"https:\/\/www.lespialades.com\/en\/rental-pitches-tent-caravan-camper-dordogne\/#breadcrumb"},"inLanguage":"en-US","potentialAction":[{"@type":"ReadAction","target":["https:\/\/www.lespialades.com\/en\/rental-pitches-tent-caravan-camper-dordogne\/"]}]},{"@type":"ImageObject","inLanguage":"en-US","@id":"https:\/\/www.lespialades.com\/en\/rental-pitches-tent-caravan-camper-dordogne\/#primaryimage","url":"https:\/\/www.lespialades.com\/wp-content\/uploads\/2022\/04\/camping-les-pialades-les-emplacements-en-dordogne.jpg","contentUrl":"https:\/\/www.lespialades.com\/wp-content\/uploads\/2022\/04\/camping-les-pialades-les-emplacements-en-dordogne.jpg","width":1900,"height":700,"caption":"les emplacements caravane du camping les pialades en dordogne"},{"@type":"BreadcrumbList","@id":"https:\/\/www.lespialades.com\/en\/rental-pitches-tent-caravan-camper-dordogne\/#breadcrumb","itemListElement":[{"@type":"ListItem","position":1,"name":"Camping P\u00e9rigord","item":"https:\/\/www.lespialades.com\/en\/"},{"@type":"ListItem","position":2,"name":"Rent a pitch in Sarlat"}]},{"@type":"WebSite","@id":"https:\/\/www.lespialades.com\/#website","url":"https:\/\/www.lespialades.com\/","name":"Camping Les Pialades","description":"","publisher":{"@id":"https:\/\/www.lespialades.com\/#organization"},"potentialAction":[{"@type":"SearchAction","target":{"@type":"EntryPoint","urlTemplate":"https:\/\/www.lespialades.com\/?s={search_term_string}"},"query-input":{"@type":"PropertyValueSpecification","valueRequired":true,"valueName":"search_term_string"}}],"inLanguage":"en-US"},{"@type":"Organization","@id":"https:\/\/www.lespialades.com\/#organization","name":"Camping Les Pialades","url":"https:\/\/www.lespialades.com\/","logo":{"@type":"ImageObject","inLanguage":"en-US","@id":"https:\/\/www.lespialades.com\/#\/schema\/logo\/image\/","url":"https:\/\/www.lespialades.com\/wp-content\/uploads\/2022\/03\/camping-en-dordogne-logo-blanc.png","contentUrl":"https:\/\/www.lespialades.com\/wp-content\/uploads\/2022\/03\/camping-en-dordogne-logo-blanc.png","width":1180,"height":569,"caption":"Camping Les Pialades"},"image":{"@id":"https:\/\/www.lespialades.com\/#\/schema\/logo\/image\/"},"sameAs":["https:\/\/fr-fr.facebook.com\/campinglesPialades\/"]}]}},"_links":{"self":[{"href":"https:\/\/www.lespialades.com\/en\/wp-json\/wp\/v2\/pages\/41937","targetHints":{"allow":["GET"]}}],"collection":[{"href":"https:\/\/www.lespialades.com\/en\/wp-json\/wp\/v2\/pages"}],"about":[{"href":"https:\/\/www.lespialades.com\/en\/wp-json\/wp\/v2\/types\/page"}],"author":[{"embeddable":true,"href":"https:\/\/www.lespialades.com\/en\/wp-json\/wp\/v2\/users\/1"}],"replies":[{"embeddable":true,"href":"https:\/\/www.lespialades.com\/en\/wp-json\/wp\/v2\/comments?post=41937"}],"version-history":[{"count":5,"href":"https:\/\/www.lespialades.com\/en\/wp-json\/wp\/v2\/pages\/41937\/revisions"}],"predecessor-version":[{"id":42704,"href":"https:\/\/www.lespialades.com\/en\/wp-json\/wp\/v2\/pages\/41937\/revisions\/42704"}],"wp:featuredmedia":[{"embeddable":true,"href":"https:\/\/www.lespialades.com\/en\/wp-json\/wp\/v2\/media\/1283"}],"wp:attachment":[{"href":"https:\/\/www.lespialades.com\/en\/wp-json\/wp\/v2\/media?parent=41937"}],"wp:term":[{"taxonomy":"sujet","embeddable":true,"href":"https:\/\/www.lespialades.com\/en\/wp-json\/wp\/v2\/sujet?post=41937"}],"curies":[{"name":"wp","href":"https:\/\/api.w.org\/{rel}","templated":true}]}}