{"id":41961,"date":"2022-04-06T15:50:08","date_gmt":"2022-04-06T13:50:08","guid":{"rendered":"https:\/\/www.lespialades.com\/rental-pitches-tent-caravan-camper-dordogne\/location-emplacement-caravane-dordogne\/"},"modified":"2022-06-24T09:42:44","modified_gmt":"2022-06-24T07:42:44","slug":"rental-pitch-caravan-dordogne","status":"publish","type":"page","link":"https:\/\/www.lespialades.com\/en\/rental-pitches-tent-caravan-camper-dordogne\/rental-pitch-caravan-dordogne\/","title":{"rendered":"Emplacements caravane en Dordogne"},"content":{"rendered":"<section id=\"ls-section-block_624705a214487\" class=\"ls-section  chapeau fraise has-m-t m-t-6 has-m-b m-b-9 has-p-b p-b-0\" >\n        <div class=\"container container--wide\">\n        \n\n<h1 class=\"ls__heading has-text-align-center animated fadeInDown delay-100ms wp-block-heading\">Our caravan pitches in Dordogne<\/h1>\n\n\n\n<p class=\"ls-paragraph has-text-align-center\">Whether for one night, a few days or several weeks, our campsite in the Dordogne welcomes you in the middle of nature, in a peaceful setting.<br>Set up your caravan on one of our spacious and shady campsites. Stay in a campsite ideally located for visiting the Dordogne and the Lot.<\/p>\n\n\n    <\/div>\n<\/section>\n\n<section id=\"ls-section-block_6247068f1448b\" class=\"ls-section  forfaits-emplacements has-p-t p-t-2 has-p-b p-b-14\" >\n        <div class=\"container container--wide\">\n        \n\n<h2 class=\"ls__heading has-text-align-center m-b-6 wp-block-heading\">Choose the formula that suits you!<\/h2>\n\n\n\n<div class=\"wp-block-columns is-layout-flex wp-container-core-columns-is-layout-9d6595d7 wp-block-columns-is-layout-flex\">\n<div class=\"wp-block-column colonne-forfaits is-layout-flow wp-block-column-is-layout-flow\">\n<div class=\"wp-block-columns is-layout-flex wp-container-core-columns-is-layout-9d6595d7 wp-block-columns-is-layout-flex\">\n<div class=\"wp-block-column is-vertically-aligned-center is-layout-flow wp-block-column-is-layout-flow\">\n<ctv-product data-product-id=\"47751\"><\/ctv-product>\n\n\n\n<h3 class=\"ls-heading wp-block-heading\" id=\"block-fb5346bd-fb7d-4fb9-9230-a99d13338cee\">natural pitch<\/h3>\n\n\n\n<p class=\"ls-paragraph\">This is the pitch <strong><mark style=\"background-color:rgba(0, 0, 0, 0)\" class=\"has-inline-color has-color-1-color\">without electricity<\/mark><\/strong>.<\/p>\n\n\n\n<p class=\"ls-paragraph\">The Natural Package includes the pitch + 2 persons + 1 car + 1 tent or caravan or camper.<\/p>\n<\/div>\n<\/div>\n<\/div>\n\n\n\n<div class=\"wp-block-column colonne-forfaits is-layout-flow wp-block-column-is-layout-flow\">\n<div class=\"wp-block-columns is-layout-flex wp-container-core-columns-is-layout-9d6595d7 wp-block-columns-is-layout-flex\">\n<div class=\"wp-block-column is-vertically-aligned-center is-layout-flow wp-block-column-is-layout-flow\">\n<ctv-product data-product-id=\"46551\"><\/ctv-product>\n\n\n\n<h3 class=\"ls-heading wp-block-heading\" id=\"block-fa6965cb-9140-48c1-93e4-ca72b7a69797\">comfort pitch<\/h3>\n\n\n\n<p class=\"ls-paragraph\">This is the pitch <strong><mark style=\"background-color:rgba(0, 0, 0, 0)\" class=\"has-inline-color has-color-1-color\">with electricity<\/mark><\/strong>.<\/p>\n\n\n\n<p class=\"ls-paragraph\">The Comfort Package includes the pitch + 2 people + 1 car + 1 tent or caravan or camper + electricity.<\/p>\n<\/div>\n<\/div>\n<\/div>\n\n\n\n<div class=\"wp-block-column colonne-forfaits is-layout-flow wp-block-column-is-layout-flow\">\n<div class=\"wp-block-columns is-layout-flex wp-container-core-columns-is-layout-9d6595d7 wp-block-columns-is-layout-flex\">\n<div class=\"wp-block-column is-layout-flow wp-block-column-is-layout-flow\">\n\n\n<figure class=\"wp-block-image size-full\"><img loading=\"lazy\" decoding=\"async\" width=\"980\" height=\"650\" src=\"https:\/\/www.lespialades.com\/wp-content\/uploads\/2022\/04\/emplacement-caravane-camping-les-pialades-en-dordogne.jpg\" alt=\"emplacement caravane dordogne\" class=\"wp-image-2224\" srcset=\"https:\/\/www.lespialades.com\/wp-content\/uploads\/2022\/04\/emplacement-caravane-camping-les-pialades-en-dordogne.jpg 980w, https:\/\/www.lespialades.com\/wp-content\/uploads\/2022\/04\/emplacement-caravane-camping-les-pialades-en-dordogne-300x199.jpg 300w, https:\/\/www.lespialades.com\/wp-content\/uploads\/2022\/04\/emplacement-caravane-camping-les-pialades-en-dordogne-768x509.jpg 768w\" sizes=\"auto, (max-width: 980px) 100vw, 980px\" \/><\/figure>\n\n\n\n<h3 class=\"ls-heading wp-block-heading\">Pitch Passage<\/h3>\n\n\n\n<p class=\"ls-paragraph\">This is the right pitch<strong><mark style=\"background-color:rgba(0, 0, 0, 0)\" class=\"has-inline-color has-color-1-color\"> for one night.<\/mark><\/strong><\/p>\n\n\n\n<p class=\"ls-paragraph\">The Passage Package applies only for one night, 2 pers. with electricity (arrival after 6pm, departure before 10am)<\/p>\n<\/div>\n<\/div>\n<\/div>\n<\/div>\n\n\n    <\/div>\n<\/section>\n\n<section id=\"ls-section-block_624705f514488\" class=\"ls-section  feuille has-background has-color-4-background-color has-p-t p-t-14 has-p-b p-b-14\" >\n        <div class=\"container container--wide\">\n        \n\n<div class=\"wp-block-columns is-layout-flex wp-container-core-columns-is-layout-9d6595d7 wp-block-columns-is-layout-flex\">\n<div class=\"wp-block-column is-vertically-aligned-center galerie animated fadeInLeft delay-100ms is-layout-flow wp-block-column-is-layout-flow\">\n<figure class=\"wp-block-image size-full\"><a href=\"https:\/\/www.lespialades.com\/wp-content\/uploads\/2022\/04\/emplacement-caravane-spacieux-camping-les-pialades.jpg\"><img loading=\"lazy\" decoding=\"async\" width=\"1008\" height=\"650\" src=\"https:\/\/www.lespialades.com\/wp-content\/uploads\/2022\/04\/emplacement-caravane-spacieux-camping-les-pialades.jpg\" alt=\"emplacement caravane sarlat\" class=\"wp-image-2220\" srcset=\"https:\/\/www.lespialades.com\/wp-content\/uploads\/2022\/04\/emplacement-caravane-spacieux-camping-les-pialades.jpg 1008w, https:\/\/www.lespialades.com\/wp-content\/uploads\/2022\/04\/emplacement-caravane-spacieux-camping-les-pialades-300x193.jpg 300w, https:\/\/www.lespialades.com\/wp-content\/uploads\/2022\/04\/emplacement-caravane-spacieux-camping-les-pialades-768x495.jpg 768w\" sizes=\"auto, (max-width: 1008px) 100vw, 1008px\" \/><\/a><\/figure>\n\n\n\n<figure class=\"wp-block-image size-full\"><a href=\"https:\/\/www.lespialades.com\/wp-content\/uploads\/2022\/06\/Caravane-insolite.jpg\"><img loading=\"lazy\" decoding=\"async\" width=\"1000\" height=\"650\" src=\"https:\/\/www.lespialades.com\/wp-content\/uploads\/2022\/06\/Caravane-insolite.jpg\" alt=\"caravane camping Les Pialades\" class=\"wp-image-41140\" srcset=\"https:\/\/www.lespialades.com\/wp-content\/uploads\/2022\/06\/Caravane-insolite.jpg 1000w, https:\/\/www.lespialades.com\/wp-content\/uploads\/2022\/06\/Caravane-insolite-300x195.jpg 300w, https:\/\/www.lespialades.com\/wp-content\/uploads\/2022\/06\/Caravane-insolite-768x499.jpg 768w\" sizes=\"auto, (max-width: 1000px) 100vw, 1000px\" \/><\/a><\/figure>\n\n\n\n<figure class=\"wp-block-image size-full\"><a href=\"https:\/\/www.lespialades.com\/wp-content\/uploads\/2022\/06\/Emplacement-caravane-camping-en-Dordogne.jpg\"><img loading=\"lazy\" decoding=\"async\" width=\"1000\" height=\"650\" src=\"https:\/\/www.lespialades.com\/wp-content\/uploads\/2022\/06\/Emplacement-caravane-camping-en-Dordogne.jpg\" alt=\"Emplacement caravane camping en Dordogne\" class=\"wp-image-41135\" srcset=\"https:\/\/www.lespialades.com\/wp-content\/uploads\/2022\/06\/Emplacement-caravane-camping-en-Dordogne.jpg 1000w, https:\/\/www.lespialades.com\/wp-content\/uploads\/2022\/06\/Emplacement-caravane-camping-en-Dordogne-300x195.jpg 300w, https:\/\/www.lespialades.com\/wp-content\/uploads\/2022\/06\/Emplacement-caravane-camping-en-Dordogne-768x499.jpg 768w\" sizes=\"auto, (max-width: 1000px) 100vw, 1000px\" \/><\/a><\/figure>\n\n\n\n<figure class=\"wp-block-image size-full\"><a href=\"https:\/\/www.lespialades.com\/wp-content\/uploads\/2022\/06\/Emplacement-caravanes-Sarlat-en-Dordogne.jpg\"><img loading=\"lazy\" decoding=\"async\" width=\"1000\" height=\"650\" src=\"https:\/\/www.lespialades.com\/wp-content\/uploads\/2022\/06\/Emplacement-caravanes-Sarlat-en-Dordogne.jpg\" alt=\"Emplacements caravanes camping pr\u00e8s de Sarlat\" class=\"wp-image-41132\" srcset=\"https:\/\/www.lespialades.com\/wp-content\/uploads\/2022\/06\/Emplacement-caravanes-Sarlat-en-Dordogne.jpg 1000w, https:\/\/www.lespialades.com\/wp-content\/uploads\/2022\/06\/Emplacement-caravanes-Sarlat-en-Dordogne-300x195.jpg 300w, https:\/\/www.lespialades.com\/wp-content\/uploads\/2022\/06\/Emplacement-caravanes-Sarlat-en-Dordogne-768x499.jpg 768w\" sizes=\"auto, (max-width: 1000px) 100vw, 1000px\" \/><\/a><\/figure>\n<\/div>\n\n\n\n<div class=\"wp-block-column is-vertically-aligned-center is-layout-flow wp-block-column-is-layout-flow\">\n<h2 class=\"ls-heading wp-block-heading\">Camp in a little piece of paradise near Sarlat<\/h2>\n\n\n\n<p class=\"ls-paragraph\">In the heart of a wooded valley, <strong><mark style=\"background-color:rgba(0, 0, 0, 0)\" class=\"has-inline-color has-color-1-color\">far from the road<\/mark><\/strong>, the crowd and the stress, our site is a green setting which surprises by its calm, its softness of life and its invitation to rest.<\/p>\n\n\n\n<p class=\"ls-paragraph\">Sheltered by a wealth of trees, shrubs and flowers, it offers an exceptional natural setting where many species of birds find refuge all year round. What a pleasure to wake up to the sound of birdsong or to see a squirrel or even a deer\u2026<\/p>\n\n\n\n<h2 class=\"ls-heading wp-block-heading\">Sit on one of our shaded or semi-shaded caravan pitches<\/h2>\n\n\n\n<p class=\"ls-paragraph\">On a 2.7 hectare park, on a human scale, our site favours space and the campsite spirit. From 80 to 330 m\u00b2, our caravan pitches in the Dordogne, some of which are terraced, are all ideally <strong><mark style=\"background-color:rgba(0, 0, 0, 0)\" class=\"has-inline-color has-color-1-color\">delimited by natural hedges<\/mark><\/strong> to preserve your privacy. And depending on your wishes, there is always a more shaded or sunny spot. Our pitches are spacious and include space for your car.<\/p>\n\n\n\n<p class=\"ls-paragraph\">According to a European directive, our pitches are equipped with new electrical boxes that require a European plug. So don&#8217;t forget to bring your own. And if you couldn&#8217;t plan ahead, no problem: we sell them at our grocery shop at a very reasonable price!<\/p>\n<\/div>\n<\/div>\n\n\n    <\/div>\n<\/section>\n\n<section id=\"ls-section-block_624706501448a\" class=\"ls-section  parallax-texte-droite has-background-image has-parallax has-p-t p-t-15 has-p-b p-b-15\" >\n    <div class=\"ls-section__background-image opacity-100\"><img decoding=\"async\" src=\"https:\/\/www.lespialades.com\/wp-content\/uploads\/2022\/04\/bloc-sanitaire-exterieur-camping-les-pialades.jpg\" alt=\"bloc sanitaire exterieur camping les pialades\"><\/div>    <div class=\"container container--wide\">\n        \n\n<div class=\"wp-block-columns is-layout-flex wp-container-core-columns-is-layout-9d6595d7 wp-block-columns-is-layout-flex\">\n<div class=\"wp-block-column is-vertically-aligned-center is-layout-flow wp-block-column-is-layout-flow\" style=\"flex-basis:50%\"><\/div>\n\n\n\n<div class=\"wp-block-column is-vertically-aligned-center has-background famille animated fadeInRight delay-100ms is-layout-flow wp-block-column-is-layout-flow\" style=\"flex-basis:50%\">\n<div id=\"ls-heading ls-titre-div-block_625829d996efc\" class=\"ls-titre-div h2-like has-text-color has-color-2-color\" >\n    Fully refurbished sanitary block<\/div>\n\n\n\n<p class=\"ls-paragraph has-text-align-left has-color-white-color has-text-color\">Our sanitary block has recently been <strong>renovated <\/strong>to be more functional, better equipped and more aesthetic. Among the new features, the creation of a baby area with a bathtub and a children&#8217;s toilet has been much appreciated by families on holiday with young children.<\/p>\n\n\n\n<p class=\"ls-paragraph has-text-align-center has-color-white-color has-text-color\">To find out more and see more, visit our Modern Sanitation page.<\/p>\n<\/div>\n<\/div>\n\n\n    <\/div>\n<\/section>\n\n<section id=\"ls-section-block_624711d51448d\" class=\"ls-section  page-cta-hebergements has-background has-color-4-background-color has-p-t p-t-14 has-p-b p-b-14\" >\n        <div class=\"container container--wide\">\n        \n\n<div id=\"ls-heading ls-titre-div-block_624aba6dd3981\" class=\"ls-titre-div aligncenter h2-like has-text-color has-color-1-color\" >\n    Discover the campsites for motorhomes, pre-equipped and for tents<\/div>\n\n\n<div id=\"ls-maillage-block_624711e71448e\" class=\"ls-maillage cta-style-normal\" data-rows=\"3\">\n    <div class=\"wp-block-columns\"><div class=\"wp-block-column\">\n\n<a href=\"https:\/\/www.lespialades.com\/en\/rental-pitches-tent-caravan-camper-dordogne\/rental-pitch-camper-dordogne\/\" target=\"\" rel=\"noopener\" class=\"ls-cta__link\">\n\n\t<div class=\"ls-cta__image test\"><img decoding=\"async\" src=\"https:\/\/www.lespialades.com\/wp-content\/uploads\/2022\/04\/camping-les-pialades-emplacement-camping-cars-768x405.jpg\" alt=\"camping les pialades emplacement camping cars\"><\/div>\n\t<div class=\"ls-cta__title\">\n\t\t<h2>Camper pitches in Sarlat<\/h2>\t<\/div>\n\n\t\t\n<\/a><\/div><div class=\"wp-block-column\">\n\n<a href=\"https:\/\/www.lespialades.com\/en\/rental-pitches-tent-caravan-camper-dordogne\/rental-pitch-pre-equipped-dordogne\/\" target=\"\" rel=\"noopener\" class=\"ls-cta__link\">\n\n\t<div class=\"ls-cta__image test\"><img decoding=\"async\" src=\"https:\/\/www.lespialades.com\/wp-content\/uploads\/2022\/06\/Emplacement-pre-equipe-camping-Les-Pialades-768x263.jpg\" alt=\"Emplacement pr\u00e9-\u00e9quip\u00e9 camping en Dordogne\"><\/div>\n\t<div class=\"ls-cta__title\">\n\t\t<h2>Pre-equipped pitches in Sarlat<\/h2>\t<\/div>\n\n\t\t\n<\/a><\/div><div class=\"wp-block-column\">\n\n<a href=\"https:\/\/www.lespialades.com\/en\/rental-pitches-tent-caravan-camper-dordogne\/rental-pitches-tent-dordogne\/\" target=\"\" rel=\"noopener\" class=\"ls-cta__link\">\n\n\t<div class=\"ls-cta__image test\"><img decoding=\"async\" src=\"https:\/\/www.lespialades.com\/wp-content\/uploads\/2022\/04\/camping-les-pialades-emplacements-768x512.jpg\" alt=\"camping les pialades emplacements\"><\/div>\n\t<div class=\"ls-cta__title\">\n\t\t<h2>Tent pitches in Dordogne<\/h2>\t<\/div>\n\n\t\t\n<\/a><\/div><\/div><\/div>\n\n    <\/div>\n<\/section>","protected":false},"excerpt":{"rendered":"","protected":false},"author":1,"featured_media":1283,"parent":41937,"menu_order":0,"comment_status":"closed","ping_status":"closed","template":"","meta":{"_acf_changed":false,"footnotes":""},"sujet":[],"class_list":["post-41961","page","type-page","status-publish","has-post-thumbnail","hentry"],"acf":[],"yoast_head":"<!-- This site is optimized with the Yoast SEO plugin v26.6 - https:\/\/yoast.com\/wordpress\/plugins\/seo\/ -->\n<title>Rent one of our caravan pitches in Dordogne near Sarlat<\/title>\n<meta name=\"description\" content=\"In our campsite in the Dordogne near Sarlat, set up your caravan on one of our shady pitches, ideally marked out.\" \/>\n<meta name=\"robots\" content=\"index, follow, max-snippet:-1, max-image-preview:large, max-video-preview:-1\" \/>\n<link rel=\"canonical\" href=\"https:\/\/www.lespialades.com\/en\/rental-pitches-tent-caravan-camper-dordogne\/rental-pitch-caravan-dordogne\/\" \/>\n<meta property=\"og:locale\" content=\"en_US\" \/>\n<meta property=\"og:type\" content=\"article\" \/>\n<meta property=\"og:title\" content=\"Rent one of our caravan pitches in Dordogne near Sarlat\" \/>\n<meta property=\"og:description\" content=\"In our campsite in the Dordogne near Sarlat, set up your caravan on one of our shady pitches, ideally marked out.\" \/>\n<meta property=\"og:url\" content=\"https:\/\/www.lespialades.com\/en\/rental-pitches-tent-caravan-camper-dordogne\/rental-pitch-caravan-dordogne\/\" \/>\n<meta property=\"og:site_name\" content=\"Camping Les Pialades\" \/>\n<meta property=\"article:publisher\" content=\"https:\/\/fr-fr.facebook.com\/campinglesPialades\/\" \/>\n<meta property=\"article:modified_time\" content=\"2022-06-24T07:42:44+00:00\" \/>\n<meta property=\"og:image\" content=\"https:\/\/www.lespialades.com\/wp-content\/uploads\/2022\/04\/camping-les-pialades-les-emplacements-en-dordogne.jpg\" \/>\n\t<meta property=\"og:image:width\" content=\"1900\" \/>\n\t<meta property=\"og:image:height\" content=\"700\" \/>\n\t<meta property=\"og:image:type\" content=\"image\/jpeg\" \/>\n<meta name=\"twitter:card\" content=\"summary_large_image\" \/>\n<meta name=\"twitter:label1\" content=\"Est. reading time\" \/>\n\t<meta name=\"twitter:data1\" content=\"4 minutes\" \/>\n<script type=\"application\/ld+json\" class=\"yoast-schema-graph\">{\"@context\":\"https:\/\/schema.org\",\"@graph\":[{\"@type\":\"WebPage\",\"@id\":\"https:\/\/www.lespialades.com\/en\/rental-pitches-tent-caravan-camper-dordogne\/rental-pitch-caravan-dordogne\/\",\"url\":\"https:\/\/www.lespialades.com\/en\/rental-pitches-tent-caravan-camper-dordogne\/rental-pitch-caravan-dordogne\/\",\"name\":\"Rent one of our caravan pitches in Dordogne near Sarlat\",\"isPartOf\":{\"@id\":\"https:\/\/www.lespialades.com\/#website\"},\"primaryImageOfPage\":{\"@id\":\"https:\/\/www.lespialades.com\/en\/rental-pitches-tent-caravan-camper-dordogne\/rental-pitch-caravan-dordogne\/#primaryimage\"},\"image\":{\"@id\":\"https:\/\/www.lespialades.com\/en\/rental-pitches-tent-caravan-camper-dordogne\/rental-pitch-caravan-dordogne\/#primaryimage\"},\"thumbnailUrl\":\"https:\/\/www.lespialades.com\/wp-content\/uploads\/2022\/04\/camping-les-pialades-les-emplacements-en-dordogne.jpg\",\"datePublished\":\"2022-04-06T13:50:08+00:00\",\"dateModified\":\"2022-06-24T07:42:44+00:00\",\"description\":\"In our campsite in the Dordogne near Sarlat, set up your caravan on one of our shady pitches, ideally marked out.\",\"breadcrumb\":{\"@id\":\"https:\/\/www.lespialades.com\/en\/rental-pitches-tent-caravan-camper-dordogne\/rental-pitch-caravan-dordogne\/#breadcrumb\"},\"inLanguage\":\"en-US\",\"potentialAction\":[{\"@type\":\"ReadAction\",\"target\":[\"https:\/\/www.lespialades.com\/en\/rental-pitches-tent-caravan-camper-dordogne\/rental-pitch-caravan-dordogne\/\"]}]},{\"@type\":\"ImageObject\",\"inLanguage\":\"en-US\",\"@id\":\"https:\/\/www.lespialades.com\/en\/rental-pitches-tent-caravan-camper-dordogne\/rental-pitch-caravan-dordogne\/#primaryimage\",\"url\":\"https:\/\/www.lespialades.com\/wp-content\/uploads\/2022\/04\/camping-les-pialades-les-emplacements-en-dordogne.jpg\",\"contentUrl\":\"https:\/\/www.lespialades.com\/wp-content\/uploads\/2022\/04\/camping-les-pialades-les-emplacements-en-dordogne.jpg\",\"width\":1900,\"height\":700,\"caption\":\"les emplacements caravane du camping les pialades en dordogne\"},{\"@type\":\"BreadcrumbList\",\"@id\":\"https:\/\/www.lespialades.com\/en\/rental-pitches-tent-caravan-camper-dordogne\/rental-pitch-caravan-dordogne\/#breadcrumb\",\"itemListElement\":[{\"@type\":\"ListItem\",\"position\":1,\"name\":\"Camping Dordogne\",\"item\":\"https:\/\/www.lespialades.com\/en\/\"},{\"@type\":\"ListItem\",\"position\":2,\"name\":\"Rent a pitch in Sarlat\",\"item\":\"https:\/\/www.lespialades.com\/en\/rental-pitches-tent-caravan-camper-dordogne\/\"},{\"@type\":\"ListItem\",\"position\":3,\"name\":\"Our caravan and motorhome pitches in the Dordogne\"}]},{\"@type\":\"WebSite\",\"@id\":\"https:\/\/www.lespialades.com\/#website\",\"url\":\"https:\/\/www.lespialades.com\/\",\"name\":\"Camping Les Pialades\",\"description\":\"\",\"publisher\":{\"@id\":\"https:\/\/www.lespialades.com\/#organization\"},\"potentialAction\":[{\"@type\":\"SearchAction\",\"target\":{\"@type\":\"EntryPoint\",\"urlTemplate\":\"https:\/\/www.lespialades.com\/?s={search_term_string}\"},\"query-input\":{\"@type\":\"PropertyValueSpecification\",\"valueRequired\":true,\"valueName\":\"search_term_string\"}}],\"inLanguage\":\"en-US\"},{\"@type\":\"Organization\",\"@id\":\"https:\/\/www.lespialades.com\/#organization\",\"name\":\"Camping Les Pialades\",\"url\":\"https:\/\/www.lespialades.com\/\",\"logo\":{\"@type\":\"ImageObject\",\"inLanguage\":\"en-US\",\"@id\":\"https:\/\/www.lespialades.com\/#\/schema\/logo\/image\/\",\"url\":\"https:\/\/www.lespialades.com\/wp-content\/uploads\/2022\/03\/camping-en-dordogne-logo-blanc.png\",\"contentUrl\":\"https:\/\/www.lespialades.com\/wp-content\/uploads\/2022\/03\/camping-en-dordogne-logo-blanc.png\",\"width\":1180,\"height\":569,\"caption\":\"Camping Les Pialades\"},\"image\":{\"@id\":\"https:\/\/www.lespialades.com\/#\/schema\/logo\/image\/\"},\"sameAs\":[\"https:\/\/fr-fr.facebook.com\/campinglesPialades\/\"]}]}<\/script>\n<!-- \/ Yoast SEO plugin. -->","yoast_head_json":{"title":"Rent one of our caravan pitches in Dordogne near Sarlat","description":"In our campsite in the Dordogne near Sarlat, set up your caravan on one of our shady pitches, ideally marked out.","robots":{"index":"index","follow":"follow","max-snippet":"max-snippet:-1","max-image-preview":"max-image-preview:large","max-video-preview":"max-video-preview:-1"},"canonical":"https:\/\/www.lespialades.com\/en\/rental-pitches-tent-caravan-camper-dordogne\/rental-pitch-caravan-dordogne\/","og_locale":"en_US","og_type":"article","og_title":"Rent one of our caravan pitches in Dordogne near Sarlat","og_description":"In our campsite in the Dordogne near Sarlat, set up your caravan on one of our shady pitches, ideally marked out.","og_url":"https:\/\/www.lespialades.com\/en\/rental-pitches-tent-caravan-camper-dordogne\/rental-pitch-caravan-dordogne\/","og_site_name":"Camping Les Pialades","article_publisher":"https:\/\/fr-fr.facebook.com\/campinglesPialades\/","article_modified_time":"2022-06-24T07:42:44+00:00","og_image":[{"width":1900,"height":700,"url":"https:\/\/www.lespialades.com\/wp-content\/uploads\/2022\/04\/camping-les-pialades-les-emplacements-en-dordogne.jpg","type":"image\/jpeg"}],"twitter_card":"summary_large_image","twitter_misc":{"Est. reading time":"4 minutes"},"schema":{"@context":"https:\/\/schema.org","@graph":[{"@type":"WebPage","@id":"https:\/\/www.lespialades.com\/en\/rental-pitches-tent-caravan-camper-dordogne\/rental-pitch-caravan-dordogne\/","url":"https:\/\/www.lespialades.com\/en\/rental-pitches-tent-caravan-camper-dordogne\/rental-pitch-caravan-dordogne\/","name":"Rent one of our caravan pitches in Dordogne near Sarlat","isPartOf":{"@id":"https:\/\/www.lespialades.com\/#website"},"primaryImageOfPage":{"@id":"https:\/\/www.lespialades.com\/en\/rental-pitches-tent-caravan-camper-dordogne\/rental-pitch-caravan-dordogne\/#primaryimage"},"image":{"@id":"https:\/\/www.lespialades.com\/en\/rental-pitches-tent-caravan-camper-dordogne\/rental-pitch-caravan-dordogne\/#primaryimage"},"thumbnailUrl":"https:\/\/www.lespialades.com\/wp-content\/uploads\/2022\/04\/camping-les-pialades-les-emplacements-en-dordogne.jpg","datePublished":"2022-04-06T13:50:08+00:00","dateModified":"2022-06-24T07:42:44+00:00","description":"In our campsite in the Dordogne near Sarlat, set up your caravan on one of our shady pitches, ideally marked out.","breadcrumb":{"@id":"https:\/\/www.lespialades.com\/en\/rental-pitches-tent-caravan-camper-dordogne\/rental-pitch-caravan-dordogne\/#breadcrumb"},"inLanguage":"en-US","potentialAction":[{"@type":"ReadAction","target":["https:\/\/www.lespialades.com\/en\/rental-pitches-tent-caravan-camper-dordogne\/rental-pitch-caravan-dordogne\/"]}]},{"@type":"ImageObject","inLanguage":"en-US","@id":"https:\/\/www.lespialades.com\/en\/rental-pitches-tent-caravan-camper-dordogne\/rental-pitch-caravan-dordogne\/#primaryimage","url":"https:\/\/www.lespialades.com\/wp-content\/uploads\/2022\/04\/camping-les-pialades-les-emplacements-en-dordogne.jpg","contentUrl":"https:\/\/www.lespialades.com\/wp-content\/uploads\/2022\/04\/camping-les-pialades-les-emplacements-en-dordogne.jpg","width":1900,"height":700,"caption":"les emplacements caravane du camping les pialades en dordogne"},{"@type":"BreadcrumbList","@id":"https:\/\/www.lespialades.com\/en\/rental-pitches-tent-caravan-camper-dordogne\/rental-pitch-caravan-dordogne\/#breadcrumb","itemListElement":[{"@type":"ListItem","position":1,"name":"Camping Dordogne","item":"https:\/\/www.lespialades.com\/en\/"},{"@type":"ListItem","position":2,"name":"Rent a pitch in Sarlat","item":"https:\/\/www.lespialades.com\/en\/rental-pitches-tent-caravan-camper-dordogne\/"},{"@type":"ListItem","position":3,"name":"Our caravan and motorhome pitches in the Dordogne"}]},{"@type":"WebSite","@id":"https:\/\/www.lespialades.com\/#website","url":"https:\/\/www.lespialades.com\/","name":"Camping Les Pialades","description":"","publisher":{"@id":"https:\/\/www.lespialades.com\/#organization"},"potentialAction":[{"@type":"SearchAction","target":{"@type":"EntryPoint","urlTemplate":"https:\/\/www.lespialades.com\/?s={search_term_string}"},"query-input":{"@type":"PropertyValueSpecification","valueRequired":true,"valueName":"search_term_string"}}],"inLanguage":"en-US"},{"@type":"Organization","@id":"https:\/\/www.lespialades.com\/#organization","name":"Camping Les Pialades","url":"https:\/\/www.lespialades.com\/","logo":{"@type":"ImageObject","inLanguage":"en-US","@id":"https:\/\/www.lespialades.com\/#\/schema\/logo\/image\/","url":"https:\/\/www.lespialades.com\/wp-content\/uploads\/2022\/03\/camping-en-dordogne-logo-blanc.png","contentUrl":"https:\/\/www.lespialades.com\/wp-content\/uploads\/2022\/03\/camping-en-dordogne-logo-blanc.png","width":1180,"height":569,"caption":"Camping Les Pialades"},"image":{"@id":"https:\/\/www.lespialades.com\/#\/schema\/logo\/image\/"},"sameAs":["https:\/\/fr-fr.facebook.com\/campinglesPialades\/"]}]}},"_links":{"self":[{"href":"https:\/\/www.lespialades.com\/en\/wp-json\/wp\/v2\/pages\/41961","targetHints":{"allow":["GET"]}}],"collection":[{"href":"https:\/\/www.lespialades.com\/en\/wp-json\/wp\/v2\/pages"}],"about":[{"href":"https:\/\/www.lespialades.com\/en\/wp-json\/wp\/v2\/types\/page"}],"author":[{"embeddable":true,"href":"https:\/\/www.lespialades.com\/en\/wp-json\/wp\/v2\/users\/1"}],"replies":[{"embeddable":true,"href":"https:\/\/www.lespialades.com\/en\/wp-json\/wp\/v2\/comments?post=41961"}],"version-history":[{"count":3,"href":"https:\/\/www.lespialades.com\/en\/wp-json\/wp\/v2\/pages\/41961\/revisions"}],"predecessor-version":[{"id":41970,"href":"https:\/\/www.lespialades.com\/en\/wp-json\/wp\/v2\/pages\/41961\/revisions\/41970"}],"up":[{"embeddable":true,"href":"https:\/\/www.lespialades.com\/en\/wp-json\/wp\/v2\/pages\/41937"}],"wp:featuredmedia":[{"embeddable":true,"href":"https:\/\/www.lespialades.com\/en\/wp-json\/wp\/v2\/media\/1283"}],"wp:attachment":[{"href":"https:\/\/www.lespialades.com\/en\/wp-json\/wp\/v2\/media?parent=41961"}],"wp:term":[{"taxonomy":"sujet","embeddable":true,"href":"https:\/\/www.lespialades.com\/en\/wp-json\/wp\/v2\/sujet?post=41961"}],"curies":[{"name":"wp","href":"https:\/\/api.w.org\/{rel}","templated":true}]}}