{"id":41936,"date":"2022-03-29T11:06:07","date_gmt":"2022-03-29T09:06:07","guid":{"rendered":"https:\/\/www.lespialades.com\/location-emplacements-tente-caravane-camping-car-dordogne\/"},"modified":"2022-06-30T10:33:34","modified_gmt":"2022-06-30T08:33:34","slug":"verhuur-locaties-tent-caravan-kampeerauto-dordogne","status":"publish","type":"page","link":"https:\/\/www.lespialades.com\/nl\/verhuur-locaties-tent-caravan-kampeerauto-dordogne\/","title":{"rendered":"Emplacements"},"content":{"rendered":"<section id=\"ls-section-block_624705a214487\" class=\"ls-section  chapeau fraise has-m-t m-t-6\" >\n        <div class=\"container container--wide\">\n        \n\n<h1 class=\"ls__heading has-text-align-center animated fadeInDown delay-100ms wp-block-heading\">Onze staanplaatsen voor tenten, caravans en campers in de Dordogne<\/h1>\n\n\n\n<p class=\"ls-paragraph has-text-align-center has-color-1-color has-text-color\">In het hart van de bossen, installeer uw tent, caravan of camper op onze kleine, rustige camping in de Dordogne. Onze zeer ruime staanplaatsen (van 80 tot 330 m\u00b2), beplant met bomen, half in de schaduw en half in de zon, zijn ideaal afgebakend om uw privacy te bewaren en u een <strong>ontspannen verblijf te garanderen.<\/strong><\/p>\n\n\n    <\/div>\n<\/section>\n\n<section id=\"ls-section-block_624d909e3e79a\" class=\"ls-section  cta-emplacements has-background has-color-5-background-color has-p-t p-t-9\" >\n        <div class=\"container container--wide\">\n        \n<div id=\"ls-maillage-block_624d99403e79c\" class=\"ls-maillage m-0 cta-style-normal has-p-t p-t-1\" data-rows=\"4\">\n    <div class=\"wp-block-columns\"><div class=\"wp-block-column\">\n\n<a href=\"https:\/\/www.lespialades.com\/nl\/verhuur-locaties-tent-caravan-kampeerauto-dordogne\/verhuur-locatie-kampeerauto-dordogne\/\" target=\"\" rel=\"noopener\" class=\"ls-cta__link\">\n\n\t<div class=\"ls-cta__image test\"><img decoding=\"async\" src=\"https:\/\/www.lespialades.com\/wp-content\/uploads\/2022\/04\/camping-les-pialades-emplacement-camping-cars-768x405.jpg\" alt=\"camping les pialades emplacement camping cars\"><\/div>\n\t<div class=\"ls-cta__title\">\n\t\t<h2>Camperplaatsen in Sarlat<\/h2>\t<\/div>\n\n\t\t\t<div class=\"ls-cta__description\">\n\t\t\t<strong>Wilt u een tussenstop maken met uw camper?\r\nWilt u een paar dagen blijven om de omgeving te bezoeken?<\/strong>\r\n\r\n<p class=\"ls-paragraph\">Neem uw intrek op een van onze kampeerplaatsen geschikt voor campers<\/p>\r\n\t\t\n\t\t<\/div>\n\t\t\n<\/a><\/div><div class=\"wp-block-column\">\n\n<a href=\"https:\/\/www.lespialades.com\/nl\/verhuur-locaties-tent-caravan-kampeerauto-dordogne\/verhuur-locatie-caravan-dordogne\/\" target=\"\" rel=\"noopener\" class=\"ls-cta__link\">\n\n\t<div class=\"ls-cta__image test\"><img decoding=\"async\" src=\"https:\/\/www.lespialades.com\/wp-content\/uploads\/2022\/04\/camping-les-pialades-emplacement-caravanes-768x512.jpg\" alt=\"camping les pialades emplacement caravanes\"><\/div>\n\t<div class=\"ls-cta__title\">\n\t\t<h2>Caravanplaatsen in Dordogne<\/h2>\t<\/div>\n\n\t\t\t<div class=\"ls-cta__description\">\n\t\t\t<strong>Wilt u uw caravan installeren voor een verblijf in de buurt van Sarlat?<\/strong>\r\n\r\n<p class=\"ls-paragraph\">Welkom op camping Les Pialades, waar u kunt genieten van onze grote, vlakke standplaatsen, beplant met bomen en omzoomd door natuurlijke hagen.<\/p>\r\n\t\t\n\t\t<\/div>\n\t\t\n<\/a><\/div><div class=\"wp-block-column\">\n\n<a href=\"https:\/\/www.lespialades.com\/nl\/verhuur-locaties-tent-caravan-kampeerauto-dordogne\/verhuur-locaties-voor-uitgerust-dordogne\/\" target=\"\" rel=\"noopener\" class=\"ls-cta__link\">\n\n\t<div class=\"ls-cta__image test\"><img decoding=\"async\" src=\"https:\/\/www.lespialades.com\/wp-content\/uploads\/2022\/06\/Emplacement-pre-equipe-camping-Les-Pialades-768x263.jpg\" alt=\"Emplacement pr\u00e9-\u00e9quip\u00e9 camping en Dordogne\"><\/div>\n\t<div class=\"ls-cta__title\">\n\t\t<h2>Vooringerichte plaatsen in Sarlat<\/h2>\t<\/div>\n\n\t\t\t<div class=\"ls-cta__description\">\n\t\t\t<strong>Wilt u kamperen zonder al te veel massa?<\/strong>\r\n\r\n<p class=\"ls-paragraph\">Huur onze vooringerichte standplaats: meer ruimte in de auto, sneller op te zetten, meer comfort&#8230; Er zijn alleen maar voordelen!<\/p>\r\n\t\t\n\t\t<\/div>\n\t\t\n<\/a><\/div><div class=\"wp-block-column\">\n\n<a href=\"https:\/\/www.lespialades.com\/nl\/verhuur-locaties-tent-caravan-kampeerauto-dordogne\/verhuur-locaties-tent-dordogne\/\" target=\"\" rel=\"noopener\" class=\"ls-cta__link\">\n\n\t<div class=\"ls-cta__image test\"><img decoding=\"async\" src=\"https:\/\/www.lespialades.com\/wp-content\/uploads\/2022\/04\/camping-les-pialades-emplacements-768x512.jpg\" alt=\"camping les pialades emplacements\"><\/div>\n\t<div class=\"ls-cta__title\">\n\t\t<h2>Tentplaatsen in Dordogne<\/h2>\t<\/div>\n\n\t\t\t<div class=\"ls-cta__description\">\n\t\t\t<strong>Bent u op zoek naar een camping in de Dordogne om uw tent op te zetten?<\/strong>\r\n<p class=\"ls-paragraph\">Onze camping in de buurt van Sarlat biedt ruime, rustige plaatsen in het hart van de natuur<\/p>\r\n\t\t\n\t\t<\/div>\n\t\t\n<\/a><\/div><\/div><\/div>\n\n    <\/div>\n<\/section>\n\n<section id=\"ls-section-block_624706501448a\" class=\"ls-section  parallax-texte-droite has-background-image has-parallax has-p-t p-t-15 has-p-b p-b-15\" >\n    <div class=\"ls-section__background-image opacity-100\"><img decoding=\"async\" src=\"https:\/\/www.lespialades.com\/wp-content\/uploads\/2022\/04\/les-pialades-sanitaires-camping-en-dordogne-1.jpg\" alt=\"les pialades sanitaires camping en dordogne\"><\/div>    <div class=\"container container--wide\">\n        \n\n<div class=\"wp-block-columns is-layout-flex wp-container-core-columns-is-layout-9d6595d7 wp-block-columns-is-layout-flex\">\n<div class=\"wp-block-column is-vertically-aligned-center is-layout-flow wp-block-column-is-layout-flow\" style=\"flex-basis:60%\"><\/div>\n\n\n\n<div class=\"wp-block-column is-vertically-aligned-center has-background tente animated fadeInRight delay-100ms is-layout-flow wp-block-column-is-layout-flow\" style=\"flex-basis:40%\">\n<h2 class=\"ls-heading wp-block-heading\"><mark style=\"background-color:rgba(0, 0, 0, 0)\" class=\"has-inline-color has-color-2-color\">Moderne sanitaire voorzieningen, speciale campervoorzieningen<\/mark><\/h2>\n\n\n\n<p class=\"ls-paragraph\"><mark style=\"background-color:rgba(0, 0, 0, 0)\" class=\"has-inline-color has-color-white-color\">Onze <strong>camping in de Dordogne<\/strong> besteedt bijzondere aandacht aan het comfort en welzijn van zijn kampeerders in tent, caravan en camper.<\/mark><\/p>\n\n\n\n<p class=\"ls-paragraph\"><mark style=\"background-color:rgba(0, 0, 0, 0)\" class=\"has-inline-color has-color-white-color\">Ons hoogwaardige sanitairgebouw is volledig gerenoveerd en wordt dagelijks op een hoog niveau onderhouden. Er zijn diverse speciale camperdiensten beschikbaar.<\/mark><\/p>\n\n\n\n<h2 class=\"ls-heading wp-block-heading\"><mark style=\"background-color:rgba(0, 0, 0, 0)\" class=\"has-inline-color has-color-2-color\">Boek de locatie die bij u past<\/mark><\/h2>\n\n\n\n<p class=\"ls-paragraph\"><mark style=\"background-color:rgba(0, 0, 0, 0)\" class=\"has-inline-color has-color-white-color\">Wij raden u aan te reserveren als u een verblijf in juli of augustus plant om een staanplaats te garanderen die aan uw wensen voldoet. Afhankelijk van de beschikbaarheid op het moment van de boeking, kunt u misschien een specifieke staanplaats reserveren.<\/mark><\/p>\n<\/div>\n<\/div>\n\n\n    <\/div>\n<\/section>\n\n<section id=\"ls-section-block_62470ea51448c\" class=\"ls-section  page-avis has-background has-color-1-background-color has-p-t p-t-7 has-p-b p-b-7\" >\n        <div class=\"container \">\n        \n\n<div id=\"ls-heading ls-titre-div-block_62569eb6fbbf5\" class=\"ls-titre-div aligncenter h2-like has-text-color has-color-white-color\" >\n    De meningen van kampeerders over onze standplaatsen<\/div>\n\n\n<div class=\"avis-container-pages\"><div class=\"avis\"><div class=\"avis-contenu\"><p>Een zeer vriendelijke camping, perfect voor gezinnen. De plaatsen zijn groot en bebost. Veel activiteiten in de buurt.<\/p>\n<\/div><div class=\"avis-name\">Gwenael S. <\/div><div class=\"avis-note\">\n                        <span><i class=\"pialades-etoile\"><\/i><\/span><span><i class=\"pialades-etoile\"><\/i><\/span><span><i class=\"pialades-etoile\"><\/i><\/span><span><i class=\"pialades-etoile\"><\/i><\/span><span><i class=\"pialades-etoile\"><\/i><\/span>\n                    <\/div><\/div><div class=\"avis\"><div class=\"avis-contenu\"><p>Geweldige camping, zeer mooie schaduwrijke plaatsen, aangename zwembaden en gastheren altijd zo aardig, gastvrij en beschikbaar. Bovendien eten we goed en dansen we op woensdag!<\/p>\n<\/div><div class=\"avis-name\">Corinne S. <\/div><div class=\"avis-note\">\n                        <span><i class=\"pialades-etoile\"><\/i><\/span><span><i class=\"pialades-etoile\"><\/i><\/span><span><i class=\"pialades-etoile\"><\/i><\/span><span><i class=\"pialades-etoile\"><\/i><\/span><span><i class=\"pialades-etoile\"><\/i><\/span>\n                    <\/div><\/div><div class=\"avis\"><div class=\"avis-contenu\"><p>15 dagen van geweldige vakanties! Virginie en Eric zijn erg vriendelijk en behulpzaam. De sanitaire voorzieningen zijn recent en zeer schoon (er wordt vaak schoongemaakt). De plaatsen zijn goed beschaduwd.<\/p>\n<\/div><div class=\"avis-name\">S\u00e9bastien F. <\/div><div class=\"avis-note\">\n                        <span><i class=\"pialades-etoile\"><\/i><\/span><span><i class=\"pialades-etoile\"><\/i><\/span><span><i class=\"pialades-etoile\"><\/i><\/span><span><i class=\"pialades-etoile\"><\/i><\/span><span><i class=\"pialades-etoile\"><\/i><\/span>\n                    <\/div><\/div><\/div>\n\n\n    <\/div>\n<\/section>\n\n<section id=\"ls-section-block_624711d51448d\" class=\"ls-section  page-two has-p-t p-t-14 has-p-b p-b-14\" >\n        <div class=\"container container--wide\">\n        \n\n<div id=\"ls-heading ls-titre-div-block_624aba6dd3981\" class=\"ls-titre-div aligncenter h2-like has-text-color has-color-1-color\" >\n    Ontdek de huuraccommodaties, het restaurant en het zwembad<\/div>\n\n\n<div id=\"ls-maillage-block_624711e71448e\" class=\"ls-maillage cta-style-normal\" data-rows=\"3\">\n    <div class=\"wp-block-columns\"><div class=\"wp-block-column\">\n\n<a href=\"https:\/\/www.lespialades.com\/nl\/kamperen-3-sterren-in-dordogne-met-zwembad-koffie\/\" target=\"\" rel=\"noopener\" class=\"ls-cta__link\">\n\n\t<div class=\"ls-cta__image test\"><img decoding=\"async\" src=\"https:\/\/www.lespialades.com\/wp-content\/uploads\/2022\/04\/piscine-camping-les-pialades.jpg\" alt=\"piscine camping les pialades\"><\/div>\n\t<div class=\"ls-cta__title\">\n\t\tAquatisch gebied\t<\/div>\n\n\t\t\n<\/a><\/div><div class=\"wp-block-column\">\n\n<a href=\"https:\/\/www.lespialades.com\/nl\/verhuur-hosting-dordogne\/\" target=\"\" rel=\"noopener\" class=\"ls-cta__link\">\n\n\t<div class=\"ls-cta__image test\"><img decoding=\"async\" src=\"https:\/\/www.lespialades.com\/wp-content\/uploads\/2022\/04\/location-chalet-sarlat.jpg\" alt=\"location chalet sarlat\"><\/div>\n\t<div class=\"ls-cta__title\">\n\t\tVerhuur\t<\/div>\n\n\t\t\n<\/a><\/div><div class=\"wp-block-column\">\n\n<a href=\"https:\/\/www.lespialades.com\/nl\/kamperen-diensten-3-sterren-dordogne\/\" target=\"\" rel=\"noopener\" class=\"ls-cta__link\">\n\n\t<div class=\"ls-cta__image test\"><img decoding=\"async\" src=\"https:\/\/www.lespialades.com\/wp-content\/uploads\/2022\/04\/restaurant-sarlat.jpg\" alt=\"restaurant sarlat\"><\/div>\n\t<div class=\"ls-cta__title\">\n\t\tRestaurant en diensten\t<\/div>\n\n\t\t\n<\/a><\/div><\/div><\/div>\n\n    <\/div>\n<\/section>","protected":false},"excerpt":{"rendered":"","protected":false},"author":1,"featured_media":1282,"parent":0,"menu_order":0,"comment_status":"closed","ping_status":"closed","template":"","meta":{"_acf_changed":false,"footnotes":""},"sujet":[],"class_list":["post-41936","page","type-page","status-publish","has-post-thumbnail","hentry"],"acf":[],"yoast_head":"<!-- This site is optimized with the Yoast SEO plugin v26.6 - https:\/\/yoast.com\/wordpress\/plugins\/seo\/ -->\n<title>Staanplaatsen voor tenten en caravans in de Dordogne bij Sarlat<\/title>\n<meta name=\"description\" content=\"Onze kleine, rustige camping in de Dordogne biedt ruime, goed afgebakende plaatsen voor tenten, caravans en campers in het hart van de natuur\" \/>\n<meta name=\"robots\" content=\"index, follow, max-snippet:-1, max-image-preview:large, max-video-preview:-1\" \/>\n<link rel=\"canonical\" href=\"https:\/\/www.lespialades.com\/nl\/verhuur-locaties-tent-caravan-kampeerauto-dordogne\/\" \/>\n<meta property=\"og:locale\" content=\"nl_NL\" \/>\n<meta property=\"og:type\" content=\"article\" \/>\n<meta property=\"og:title\" content=\"Staanplaatsen voor tenten en caravans in de Dordogne bij Sarlat\" \/>\n<meta property=\"og:description\" content=\"Onze kleine, rustige camping in de Dordogne biedt ruime, goed afgebakende plaatsen voor tenten, caravans en campers in het hart van de natuur\" \/>\n<meta property=\"og:url\" content=\"https:\/\/www.lespialades.com\/nl\/verhuur-locaties-tent-caravan-kampeerauto-dordogne\/\" \/>\n<meta property=\"og:site_name\" content=\"Camping Les Pialades\" \/>\n<meta property=\"article:publisher\" content=\"https:\/\/fr-fr.facebook.com\/campinglesPialades\/\" \/>\n<meta property=\"article:modified_time\" content=\"2022-06-30T08:33:34+00:00\" \/>\n<meta property=\"og:image\" content=\"https:\/\/www.lespialades.com\/wp-content\/uploads\/2022\/04\/camping-les-pialades-les-emplacements-en-dordogne.jpg\" \/>\n\t<meta property=\"og:image:width\" content=\"1900\" \/>\n\t<meta property=\"og:image:height\" content=\"700\" \/>\n\t<meta property=\"og:image:type\" content=\"image\/jpeg\" \/>\n<meta name=\"twitter:card\" content=\"summary_large_image\" \/>\n<meta name=\"twitter:label1\" content=\"Geschatte leestijd\" \/>\n\t<meta name=\"twitter:data1\" content=\"1 minuut\" \/>\n<script type=\"application\/ld+json\" class=\"yoast-schema-graph\">{\"@context\":\"https:\/\/schema.org\",\"@graph\":[{\"@type\":\"WebPage\",\"@id\":\"https:\/\/www.lespialades.com\/nl\/verhuur-locaties-tent-caravan-kampeerauto-dordogne\/\",\"url\":\"https:\/\/www.lespialades.com\/nl\/verhuur-locaties-tent-caravan-kampeerauto-dordogne\/\",\"name\":\"Staanplaatsen voor tenten en caravans in de Dordogne bij Sarlat\",\"isPartOf\":{\"@id\":\"https:\/\/www.lespialades.com\/#website\"},\"primaryImageOfPage\":{\"@id\":\"https:\/\/www.lespialades.com\/nl\/verhuur-locaties-tent-caravan-kampeerauto-dordogne\/#primaryimage\"},\"image\":{\"@id\":\"https:\/\/www.lespialades.com\/nl\/verhuur-locaties-tent-caravan-kampeerauto-dordogne\/#primaryimage\"},\"thumbnailUrl\":\"https:\/\/www.lespialades.com\/wp-content\/uploads\/2022\/04\/camping-les-pialades-les-emplacements-en-dordogne.jpg\",\"datePublished\":\"2022-03-29T09:06:07+00:00\",\"dateModified\":\"2022-06-30T08:33:34+00:00\",\"description\":\"Onze kleine, rustige camping in de Dordogne biedt ruime, goed afgebakende plaatsen voor tenten, caravans en campers in het hart van de natuur\",\"breadcrumb\":{\"@id\":\"https:\/\/www.lespialades.com\/nl\/verhuur-locaties-tent-caravan-kampeerauto-dordogne\/#breadcrumb\"},\"inLanguage\":\"nl-NL\",\"potentialAction\":[{\"@type\":\"ReadAction\",\"target\":[\"https:\/\/www.lespialades.com\/nl\/verhuur-locaties-tent-caravan-kampeerauto-dordogne\/\"]}]},{\"@type\":\"ImageObject\",\"inLanguage\":\"nl-NL\",\"@id\":\"https:\/\/www.lespialades.com\/nl\/verhuur-locaties-tent-caravan-kampeerauto-dordogne\/#primaryimage\",\"url\":\"https:\/\/www.lespialades.com\/wp-content\/uploads\/2022\/04\/camping-les-pialades-les-emplacements-en-dordogne.jpg\",\"contentUrl\":\"https:\/\/www.lespialades.com\/wp-content\/uploads\/2022\/04\/camping-les-pialades-les-emplacements-en-dordogne.jpg\",\"width\":1900,\"height\":700,\"caption\":\"les emplacements caravane du camping les pialades en dordogne\"},{\"@type\":\"BreadcrumbList\",\"@id\":\"https:\/\/www.lespialades.com\/nl\/verhuur-locaties-tent-caravan-kampeerauto-dordogne\/#breadcrumb\",\"itemListElement\":[{\"@type\":\"ListItem\",\"position\":1,\"name\":\"Camping Dordogne\",\"item\":\"https:\/\/www.lespialades.com\/nl\/\"},{\"@type\":\"ListItem\",\"position\":2,\"name\":\"Huur een staanplaats in Sarlat\"}]},{\"@type\":\"WebSite\",\"@id\":\"https:\/\/www.lespialades.com\/#website\",\"url\":\"https:\/\/www.lespialades.com\/\",\"name\":\"Camping Les Pialades\",\"description\":\"\",\"publisher\":{\"@id\":\"https:\/\/www.lespialades.com\/#organization\"},\"potentialAction\":[{\"@type\":\"SearchAction\",\"target\":{\"@type\":\"EntryPoint\",\"urlTemplate\":\"https:\/\/www.lespialades.com\/?s={search_term_string}\"},\"query-input\":{\"@type\":\"PropertyValueSpecification\",\"valueRequired\":true,\"valueName\":\"search_term_string\"}}],\"inLanguage\":\"nl-NL\"},{\"@type\":\"Organization\",\"@id\":\"https:\/\/www.lespialades.com\/#organization\",\"name\":\"Camping Les Pialades\",\"url\":\"https:\/\/www.lespialades.com\/\",\"logo\":{\"@type\":\"ImageObject\",\"inLanguage\":\"nl-NL\",\"@id\":\"https:\/\/www.lespialades.com\/#\/schema\/logo\/image\/\",\"url\":\"https:\/\/www.lespialades.com\/wp-content\/uploads\/2022\/03\/camping-en-dordogne-logo-blanc.png\",\"contentUrl\":\"https:\/\/www.lespialades.com\/wp-content\/uploads\/2022\/03\/camping-en-dordogne-logo-blanc.png\",\"width\":1180,\"height\":569,\"caption\":\"Camping Les Pialades\"},\"image\":{\"@id\":\"https:\/\/www.lespialades.com\/#\/schema\/logo\/image\/\"},\"sameAs\":[\"https:\/\/fr-fr.facebook.com\/campinglesPialades\/\"]}]}<\/script>\n<!-- \/ Yoast SEO plugin. -->","yoast_head_json":{"title":"Staanplaatsen voor tenten en caravans in de Dordogne bij Sarlat","description":"Onze kleine, rustige camping in de Dordogne biedt ruime, goed afgebakende plaatsen voor tenten, caravans en campers in het hart van de natuur","robots":{"index":"index","follow":"follow","max-snippet":"max-snippet:-1","max-image-preview":"max-image-preview:large","max-video-preview":"max-video-preview:-1"},"canonical":"https:\/\/www.lespialades.com\/nl\/verhuur-locaties-tent-caravan-kampeerauto-dordogne\/","og_locale":"nl_NL","og_type":"article","og_title":"Staanplaatsen voor tenten en caravans in de Dordogne bij Sarlat","og_description":"Onze kleine, rustige camping in de Dordogne biedt ruime, goed afgebakende plaatsen voor tenten, caravans en campers in het hart van de natuur","og_url":"https:\/\/www.lespialades.com\/nl\/verhuur-locaties-tent-caravan-kampeerauto-dordogne\/","og_site_name":"Camping Les Pialades","article_publisher":"https:\/\/fr-fr.facebook.com\/campinglesPialades\/","article_modified_time":"2022-06-30T08:33:34+00:00","og_image":[{"width":1900,"height":700,"url":"https:\/\/www.lespialades.com\/wp-content\/uploads\/2022\/04\/camping-les-pialades-les-emplacements-en-dordogne.jpg","type":"image\/jpeg"}],"twitter_card":"summary_large_image","twitter_misc":{"Geschatte leestijd":"1 minuut"},"schema":{"@context":"https:\/\/schema.org","@graph":[{"@type":"WebPage","@id":"https:\/\/www.lespialades.com\/nl\/verhuur-locaties-tent-caravan-kampeerauto-dordogne\/","url":"https:\/\/www.lespialades.com\/nl\/verhuur-locaties-tent-caravan-kampeerauto-dordogne\/","name":"Staanplaatsen voor tenten en caravans in de Dordogne bij Sarlat","isPartOf":{"@id":"https:\/\/www.lespialades.com\/#website"},"primaryImageOfPage":{"@id":"https:\/\/www.lespialades.com\/nl\/verhuur-locaties-tent-caravan-kampeerauto-dordogne\/#primaryimage"},"image":{"@id":"https:\/\/www.lespialades.com\/nl\/verhuur-locaties-tent-caravan-kampeerauto-dordogne\/#primaryimage"},"thumbnailUrl":"https:\/\/www.lespialades.com\/wp-content\/uploads\/2022\/04\/camping-les-pialades-les-emplacements-en-dordogne.jpg","datePublished":"2022-03-29T09:06:07+00:00","dateModified":"2022-06-30T08:33:34+00:00","description":"Onze kleine, rustige camping in de Dordogne biedt ruime, goed afgebakende plaatsen voor tenten, caravans en campers in het hart van de natuur","breadcrumb":{"@id":"https:\/\/www.lespialades.com\/nl\/verhuur-locaties-tent-caravan-kampeerauto-dordogne\/#breadcrumb"},"inLanguage":"nl-NL","potentialAction":[{"@type":"ReadAction","target":["https:\/\/www.lespialades.com\/nl\/verhuur-locaties-tent-caravan-kampeerauto-dordogne\/"]}]},{"@type":"ImageObject","inLanguage":"nl-NL","@id":"https:\/\/www.lespialades.com\/nl\/verhuur-locaties-tent-caravan-kampeerauto-dordogne\/#primaryimage","url":"https:\/\/www.lespialades.com\/wp-content\/uploads\/2022\/04\/camping-les-pialades-les-emplacements-en-dordogne.jpg","contentUrl":"https:\/\/www.lespialades.com\/wp-content\/uploads\/2022\/04\/camping-les-pialades-les-emplacements-en-dordogne.jpg","width":1900,"height":700,"caption":"les emplacements caravane du camping les pialades en dordogne"},{"@type":"BreadcrumbList","@id":"https:\/\/www.lespialades.com\/nl\/verhuur-locaties-tent-caravan-kampeerauto-dordogne\/#breadcrumb","itemListElement":[{"@type":"ListItem","position":1,"name":"Camping Dordogne","item":"https:\/\/www.lespialades.com\/nl\/"},{"@type":"ListItem","position":2,"name":"Huur een staanplaats in Sarlat"}]},{"@type":"WebSite","@id":"https:\/\/www.lespialades.com\/#website","url":"https:\/\/www.lespialades.com\/","name":"Camping Les Pialades","description":"","publisher":{"@id":"https:\/\/www.lespialades.com\/#organization"},"potentialAction":[{"@type":"SearchAction","target":{"@type":"EntryPoint","urlTemplate":"https:\/\/www.lespialades.com\/?s={search_term_string}"},"query-input":{"@type":"PropertyValueSpecification","valueRequired":true,"valueName":"search_term_string"}}],"inLanguage":"nl-NL"},{"@type":"Organization","@id":"https:\/\/www.lespialades.com\/#organization","name":"Camping Les Pialades","url":"https:\/\/www.lespialades.com\/","logo":{"@type":"ImageObject","inLanguage":"nl-NL","@id":"https:\/\/www.lespialades.com\/#\/schema\/logo\/image\/","url":"https:\/\/www.lespialades.com\/wp-content\/uploads\/2022\/03\/camping-en-dordogne-logo-blanc.png","contentUrl":"https:\/\/www.lespialades.com\/wp-content\/uploads\/2022\/03\/camping-en-dordogne-logo-blanc.png","width":1180,"height":569,"caption":"Camping Les Pialades"},"image":{"@id":"https:\/\/www.lespialades.com\/#\/schema\/logo\/image\/"},"sameAs":["https:\/\/fr-fr.facebook.com\/campinglesPialades\/"]}]}},"_links":{"self":[{"href":"https:\/\/www.lespialades.com\/nl\/wp-json\/wp\/v2\/pages\/41936","targetHints":{"allow":["GET"]}}],"collection":[{"href":"https:\/\/www.lespialades.com\/nl\/wp-json\/wp\/v2\/pages"}],"about":[{"href":"https:\/\/www.lespialades.com\/nl\/wp-json\/wp\/v2\/types\/page"}],"author":[{"embeddable":true,"href":"https:\/\/www.lespialades.com\/nl\/wp-json\/wp\/v2\/users\/1"}],"replies":[{"embeddable":true,"href":"https:\/\/www.lespialades.com\/nl\/wp-json\/wp\/v2\/comments?post=41936"}],"version-history":[{"count":5,"href":"https:\/\/www.lespialades.com\/nl\/wp-json\/wp\/v2\/pages\/41936\/revisions"}],"predecessor-version":[{"id":42706,"href":"https:\/\/www.lespialades.com\/nl\/wp-json\/wp\/v2\/pages\/41936\/revisions\/42706"}],"wp:featuredmedia":[{"embeddable":true,"href":"https:\/\/www.lespialades.com\/nl\/wp-json\/wp\/v2\/media\/1282"}],"wp:attachment":[{"href":"https:\/\/www.lespialades.com\/nl\/wp-json\/wp\/v2\/media?parent=41936"}],"wp:term":[{"taxonomy":"sujet","embeddable":true,"href":"https:\/\/www.lespialades.com\/nl\/wp-json\/wp\/v2\/sujet?post=41936"}],"curies":[{"name":"wp","href":"https:\/\/api.w.org\/{rel}","templated":true}]}}